{"id":3200,"date":"2023-09-21T11:36:22","date_gmt":"2023-09-21T15:36:22","guid":{"rendered":"https:\/\/elvitraldelaciencia.org\/revista\/\/?page_id=3200"},"modified":"2026-04-17T21:36:57","modified_gmt":"2026-04-18T01:36:57","slug":"editorial-septiembr-2023","status":"publish","type":"page","link":"https:\/\/elvitraldelaciencia.org\/revista\/editorial-septiembr-2023\/","title":{"rendered":"EDITORIAL ABRIL 2026"},"content":{"rendered":"\r\n<p style=\"text-align: center;\"><span style=\"color: #800000;\"><strong><img loading=\"lazy\" decoding=\"async\" class=\"alignleft size-medium wp-image-4896\" src=\"https:\/\/elvitraldelaciencia.org\/revista\/wp-content\/uploads\/2026\/04\/editorial-300x200.jpeg\" alt=\"\" width=\"300\" height=\"200\" srcset=\"https:\/\/elvitraldelaciencia.org\/revista\/wp-content\/uploads\/2026\/04\/editorial-300x200.jpeg 300w, https:\/\/elvitraldelaciencia.org\/revista\/wp-content\/uploads\/2026\/04\/editorial-768x512.jpeg 768w, https:\/\/elvitraldelaciencia.org\/revista\/wp-content\/uploads\/2026\/04\/editorial.jpeg 800w\" sizes=\"auto, (max-width: 300px) 100vw, 300px\" \/><\/strong><\/span><\/p>\r\n<p style=\"text-align: center;\"><strong><span style=\"color: #800000;\">ERRORES DE C\u00c1LCULO Y LA SOBERBIA:<\/span><\/strong><br \/><strong><span style=\"color: #800000;\">LA HUMANIDAD EN PELIGRO<\/span><\/strong><\/p>\r\n<p><span style=\"color: #800000;\"><em>La falta de visi\u00f3n de EE.UU. tiene que ver con la soberbia de quien est\u00e1 acostumbrado a dictar su voluntad en el mundo y encuentra grandes dificultades en cambiar y adaptarse a la nueva realidad<\/em><\/span><br \/><strong>Rafael Poch de Feliu<\/strong><\/p>\r\n<p>El pasado 11 de marzo, el New York Times public\u00f3 bajo la autor\u00eda de Mark Mazzetti, Tyler Pager y Edward Wong, un corto art\u00edculo de opini\u00f3n sobre el error de c\u00e1lculo que cometi\u00f3 el \u201cNer\u00f3n\u201d estadounidense y sus asesores durante los preparativos para el ataque conjunto de EE.UU. e Israel contra Ir\u00e1n, quienes menospreciaron la futura respuesta de Teher\u00e1n y restaron importancia a los riesgos que el conflicto pudiera traer \u2014y trajo\u2014 para los mercados energ\u00e9ticos.<\/p>\r\n<p>Sin embargo, no ha sido un solo error de c\u00e1lculo. En los \u00faltimos cuatro a\u00f1os, el mundo ha sido testigo de tres graves errores de c\u00e1lculo que ha cometido el hegemonismo occidental liderado por Estados Unidos, tal como lo detalla muy bien un art\u00edculo en Rebeli\u00f3n (Pouch de Feliu, R., 2026). El autor resume esos tres errores de la siguiente manera: El primero fue el de Rusia. Se cre\u00eda que, provocando la invasi\u00f3n de Ucrania, Mosc\u00fa sufrir\u00eda una \u201cderrota estrat\u00e9gica\u201d y una debacle econ\u00f3mica como resultado de las sanciones y de un aislamiento internacional que se daba como seguro. Nada de eso ha ocurrido. El segundo fue con China. Cre\u00edan que las barreras y sanciones comerciales y tecnol\u00f3gicas se duplicar\u00edan a Pek\u00edn. Tampoco eso ha ocurrido. China ya es una gran potencia tecnol\u00f3gica que, por ejemplo, produce sus propios microprocesadores. Bast\u00f3 con que Pek\u00edn amenazara con responder cortando toda su exportaci\u00f3n de tierras raras, los minerales esenciales para alta tecnolog\u00eda, defensa y energ\u00edas renovables de los que dispone casi en solitario, para anular todo aquello. El tercer error de c\u00e1lculo lo estamos viendo ahora con Ir\u00e1n.<\/p>\r\n<p>Tres errores de c\u00e1lculo tan monumentales y manifiestos en tan poco tiempo, obligan a preguntarse por las causas. El periodista Pouch las aprecia de la la siguiente manera: la primera consiste en que el hegem\u00f3n ignora o no acepta, que el mundo ha cambiado. Los \u00faltimos hechos mundiales ofrecen se\u00f1ales que cada vez m\u00e1s claras estamos en un mundo multipolar, con focos de poder e interacciones entre los pa\u00edses que diluyen el mundo unipolar y \u00e9sto, no lo ve el mundo occidental por su soberbia, acostumbrado a imponer su voluntad.<\/p>\r\n<p>La segunda causa tiene que ver con la decadencia de los procedimientos en la toma de decisiones y cierto colapso institucional. \u00bfC\u00f3mo se toman las decisiones en el soberbio Imperio? El gabinete y su presidente estadounidense ha ignorado manifiestamente los dict\u00e1menes y consejos de sus agencias de seguridad y de toda la burocracia militar que sol\u00eda avalar sus fechor\u00edas. Adicionalmente, los integrantes de tal gabinete han expresado una conducta sumisa, para decir lo menos, antes la infalible voluntad del desequilibrado Ner\u00f3n, cuya principal virtud es concentrar todos los rasgos del t\u00edpico hombre de negocios\/g\u00e1nster estadounidense de acuerdo con la conocida m\u00e1xima de Mark Twain: \u201cPertenecemos a la raza anglosajona, y cuando el anglosaj\u00f3n quiere algo simplemente lo toma\u201d. La decadencia institucional puede verse tambi\u00e9n en la incapacidad de las Naciones Unidas para detener la loca carrera de Israel y de Estados Unidos, para poner fin al genocidio de Gaza, condenar la guerra contra Ir\u00e1n y denunciar el peligro de una recesi\u00f3n econ\u00f3mica mundial que contiene.<\/p>\r\n<p>Finalmente, la tercera causa es la ausencia de estrategias, tanto en Washington como en Bruselas, cuando han decidido iniciar un conflicto militar, y no tienen idea qu\u00e9 hacer ante las respuestas de los gobiernos atacados.<\/p>\r\n<p>Lo grave del asunto es de ocurrir un cuarto error puede ser irreversible para la vida del planeta: apretar el boto rojo para iniciar un ataque nuclear. No es exageraci\u00f3n, el 30 de marzo por Rusia Today, el diplom\u00e1tico liban\u00e9s y representante principal de la organizaci\u00f3n internacional Patriotic Vision (PVA) ante las Naciones Unidas, Mohamad Safa, denunci\u00f3 que la ONU se est\u00e1 preparando para un posible uso de armas nucleares en Ir\u00e1n. Si esto llega a ocurrir, ser\u00e1 el \u00faltimo error cometido por estos tarados fascistas, por lo que ocasionar\u00e1n que las pr\u00f3ximas generaciones tendr\u00e1n que calcular con los dedos.<\/p>\r\n<p><span style=\"color: #800000;\"><strong>COMIT\u00c9 EDITORIAL<\/strong><\/span><\/p>\r\n<p><span style=\"color: #800000;\"><strong>\u00a0<\/strong><\/span><\/p>\r\n<p><strong>Referencias<\/strong><br \/><strong>1. ALFARO PAREJA, F. (2013): \u201cTesis doctoral: La independencia de Venezuela relatada en clave de paz: las regulaciones pac\u00edficas entre patriotas y realistas (1810-1846)\u201d. Castell\u00f3n: Universitat Jaume I. www.tdx. cat\/handle\/10803\/113594.<\/strong><\/p>\r\n<p><strong>2. MU\u00d1OZ, F.A. (2004). \u201c\u00bfQu\u00e9 son los conflictos?\u201d, en Molina Rueda, B. y Mu\u00f1oz, F.A. (Eds.). Manual de paz y conflictos. Granada: Universidad de Granada.<\/strong><\/p>\r\n<p><span style=\"color: #800000;\"><strong>\u00a0<\/strong><\/span><\/p>\r\n<p>&nbsp;<\/p>\r\n","protected":false},"excerpt":{"rendered":"<p>ERRORES DE C\u00c1LCULO Y LA SOBERBIA:LA HUMANIDAD EN PELIGRO La falta de visi\u00f3n de EE.UU. tiene que ver con la soberbia de quien est\u00e1 acostumbrado a dictar su voluntad en&hellip; <\/p>\n","protected":false},"author":2,"featured_media":0,"parent":0,"menu_order":0,"comment_status":"closed","ping_status":"closed","template":"","meta":{"footnotes":""},"class_list":["post-3200","page","type-page","status-publish","hentry"],"_links":{"self":[{"href":"https:\/\/elvitraldelaciencia.org\/revista\/wp-json\/wp\/v2\/pages\/3200","targetHints":{"allow":["GET"]}}],"collection":[{"href":"https:\/\/elvitraldelaciencia.org\/revista\/wp-json\/wp\/v2\/pages"}],"about":[{"href":"https:\/\/elvitraldelaciencia.org\/revista\/wp-json\/wp\/v2\/types\/page"}],"author":[{"embeddable":true,"href":"https:\/\/elvitraldelaciencia.org\/revista\/wp-json\/wp\/v2\/users\/2"}],"replies":[{"embeddable":true,"href":"https:\/\/elvitraldelaciencia.org\/revista\/wp-json\/wp\/v2\/comments?post=3200"}],"version-history":[{"count":2,"href":"https:\/\/elvitraldelaciencia.org\/revista\/wp-json\/wp\/v2\/pages\/3200\/revisions"}],"predecessor-version":[{"id":4895,"href":"https:\/\/elvitraldelaciencia.org\/revista\/wp-json\/wp\/v2\/pages\/3200\/revisions\/4895"}],"wp:attachment":[{"href":"https:\/\/elvitraldelaciencia.org\/revista\/wp-json\/wp\/v2\/media?parent=3200"}],"curies":[{"name":"wp","href":"https:\/\/api.w.org\/{rel}","templated":true}]}}